{"id":17,"date":"2026-01-18T20:47:28","date_gmt":"2026-01-18T20:47:28","guid":{"rendered":"https:\/\/www.fahrschule-roland.de\/index.php\/page\/"},"modified":"2026-01-24T18:22:18","modified_gmt":"2026-01-24T18:22:18","slug":"page","status":"publish","type":"page","link":"https:\/\/www.fahrschule-roland.de\/index.php\/page\/","title":{"rendered":"Impressum"},"content":{"rendered":"<h1><strong>Fahrschule Roland<\/strong> (Inh. Roland Buchfellner)<\/h1>\n<p><img loading=\"lazy\" decoding=\"async\" class=\"alignnone size-medium wp-image-71\" src=\"https:\/\/www.fahrschule-roland.de\/wp-content\/uploads\/2026\/01\/IMG_8682-225x300.jpg\" alt=\"\" width=\"225\" height=\"300\" srcset=\"https:\/\/www.fahrschule-roland.de\/wp-content\/uploads\/2026\/01\/IMG_8682-225x300.jpg 225w, https:\/\/www.fahrschule-roland.de\/wp-content\/uploads\/2026\/01\/IMG_8682-768x1024.jpg 768w, https:\/\/www.fahrschule-roland.de\/wp-content\/uploads\/2026\/01\/IMG_8682-1152x1536.jpg 1152w, https:\/\/www.fahrschule-roland.de\/wp-content\/uploads\/2026\/01\/IMG_8682-1536x2048.jpg 1536w, https:\/\/www.fahrschule-roland.de\/wp-content\/uploads\/2026\/01\/IMG_8682-scaled.jpg 1920w\" sizes=\"auto, (max-width: 225px) 100vw, 225px\" \/> \u00a0\u00a0 <img loading=\"lazy\" decoding=\"async\" class=\"alignnone size-medium wp-image-72\" src=\"https:\/\/www.fahrschule-roland.de\/wp-content\/uploads\/2026\/01\/Theorieraum-225x300.jpg\" alt=\"\" width=\"225\" height=\"300\" srcset=\"https:\/\/www.fahrschule-roland.de\/wp-content\/uploads\/2026\/01\/Theorieraum-225x300.jpg 225w, https:\/\/www.fahrschule-roland.de\/wp-content\/uploads\/2026\/01\/Theorieraum-768x1024.jpg 768w, https:\/\/www.fahrschule-roland.de\/wp-content\/uploads\/2026\/01\/Theorieraum-1152x1536.jpg 1152w, https:\/\/www.fahrschule-roland.de\/wp-content\/uploads\/2026\/01\/Theorieraum-1536x2048.jpg 1536w, https:\/\/www.fahrschule-roland.de\/wp-content\/uploads\/2026\/01\/Theorieraum-scaled.jpg 1920w\" sizes=\"auto, (max-width: 225px) 100vw, 225px\" \/><\/p>\n<p>Wertachstr. 7 &#8211; 86153 Augsburg<\/p>\n<p>Tel.: 0821 &#8211; 71009641 (Mo.-Do. 17:00-19:00 Uhr)<\/p>\n<p>Email: <a href=\"mailto:fahrschule.roland@gmx.de\">fahrschule.roland@gmx.de<\/a><\/p>\n<p>WEB: www.fahrschule-roland.de<\/p>\n<p>SteuerID: DE 27310522<\/p>\n<p>&nbsp;<\/p>\n<h1>F\u00fcr unsere Fahrschule Verantwortliche Beh\u00f6rde:<\/h1>\n<p>Stadt Augsburg, B\u00fcrgeramt Fahrlehrerwesen<\/p>\n<p>An der Blauen Kappe 18<\/p>\n<p>86152 Augsburg<\/p>\n<p>Tel.: 0821 324-9285<\/p>\n<p>Email: <a href=\"mailto:fahrerlaubnis@augsburg.de\" target=\"_blank\" rel=\"noopener\">fahrerlaubnis@augsburg.de<\/a><\/p>\n","protected":false},"excerpt":{"rendered":"<p>Fahrschule Roland (Inh. Roland Buchfellner) \u00a0\u00a0 Wertachstr. 7 &#8211; 86153 Augsburg Tel.: 0821 &#8211; 71009641 (Mo.-Do. 17:00-19:00 Uhr) Email: fahrschule.roland@gmx.de WEB: www.fahrschule-roland.de SteuerID: DE 27310522 &nbsp; F\u00fcr unsere Fahrschule Verantwortliche Beh\u00f6rde: Stadt Augsburg, B\u00fcrgeramt Fahrlehrerwesen An der Blauen Kappe 18 86152 Augsburg Tel.: 0821 324-9285 Email: fahrerlaubnis@augsburg.de<\/p>\n","protected":false},"author":1,"featured_media":0,"parent":0,"menu_order":0,"comment_status":"closed","ping_status":"closed","template":"","meta":{"_regular_price":[],"currency_symbol":[],"footnotes":""},"class_list":["post-17","page","type-page","status-publish","hentry"],"post_slider_layout_featured_media_urls":{"thumbnail":"","post_slider_layout_landscape_large":"","post_slider_layout_portrait_large":"","post_slider_layout_square_large":"","post_slider_layout_landscape":"","post_slider_layout_portrait":"","post_slider_layout_square":"","full":""},"_links":{"self":[{"href":"https:\/\/www.fahrschule-roland.de\/index.php\/wp-json\/wp\/v2\/pages\/17","targetHints":{"allow":["GET"]}}],"collection":[{"href":"https:\/\/www.fahrschule-roland.de\/index.php\/wp-json\/wp\/v2\/pages"}],"about":[{"href":"https:\/\/www.fahrschule-roland.de\/index.php\/wp-json\/wp\/v2\/types\/page"}],"author":[{"embeddable":true,"href":"https:\/\/www.fahrschule-roland.de\/index.php\/wp-json\/wp\/v2\/users\/1"}],"replies":[{"embeddable":true,"href":"https:\/\/www.fahrschule-roland.de\/index.php\/wp-json\/wp\/v2\/comments?post=17"}],"version-history":[{"count":4,"href":"https:\/\/www.fahrschule-roland.de\/index.php\/wp-json\/wp\/v2\/pages\/17\/revisions"}],"predecessor-version":[{"id":109,"href":"https:\/\/www.fahrschule-roland.de\/index.php\/wp-json\/wp\/v2\/pages\/17\/revisions\/109"}],"wp:attachment":[{"href":"https:\/\/www.fahrschule-roland.de\/index.php\/wp-json\/wp\/v2\/media?parent=17"}],"curies":[{"name":"wp","href":"https:\/\/api.w.org\/{rel}","templated":true}]}}