{"id":11,"date":"2026-01-18T20:47:28","date_gmt":"2026-01-18T20:47:28","guid":{"rendered":"https:\/\/www.fahrschule-roland.de\/index.php\/home\/"},"modified":"2026-01-18T21:27:24","modified_gmt":"2026-01-18T21:27:24","slug":"home","status":"publish","type":"page","link":"https:\/\/www.fahrschule-roland.de\/","title":{"rendered":"Home"},"content":{"rendered":"<h1>Willkommen !<\/h1>\n<p style=\"text-align: left;\">Wir Arbeiten gerade an unserem neuen Internet-Auftritt um f\u00fcr Sie einen noch besseren Service anzubieten.<\/p>\n<p style=\"text-align: left;\">Bitte um Verst\u00e4ndnis, dass unsere Seiten nur eingeschr\u00e4nkt aufrufbar sind!<\/p>\n","protected":false},"excerpt":{"rendered":"<p>Willkommen ! Wir Arbeiten gerade an unserem neuen Internet-Auftritt um f\u00fcr Sie einen noch besseren Service anzubieten. Bitte um Verst\u00e4ndnis, dass unsere Seiten nur eingeschr\u00e4nkt aufrufbar sind!<\/p>\n","protected":false},"author":1,"featured_media":0,"parent":0,"menu_order":0,"comment_status":"closed","ping_status":"closed","template":"page-template\/home-page.php","meta":{"_regular_price":[],"currency_symbol":[],"footnotes":""},"class_list":["post-11","page","type-page","status-publish","hentry"],"post_slider_layout_featured_media_urls":{"thumbnail":"","post_slider_layout_landscape_large":"","post_slider_layout_portrait_large":"","post_slider_layout_square_large":"","post_slider_layout_landscape":"","post_slider_layout_portrait":"","post_slider_layout_square":"","full":""},"_links":{"self":[{"href":"https:\/\/www.fahrschule-roland.de\/index.php\/wp-json\/wp\/v2\/pages\/11","targetHints":{"allow":["GET"]}}],"collection":[{"href":"https:\/\/www.fahrschule-roland.de\/index.php\/wp-json\/wp\/v2\/pages"}],"about":[{"href":"https:\/\/www.fahrschule-roland.de\/index.php\/wp-json\/wp\/v2\/types\/page"}],"author":[{"embeddable":true,"href":"https:\/\/www.fahrschule-roland.de\/index.php\/wp-json\/wp\/v2\/users\/1"}],"replies":[{"embeddable":true,"href":"https:\/\/www.fahrschule-roland.de\/index.php\/wp-json\/wp\/v2\/comments?post=11"}],"version-history":[{"count":1,"href":"https:\/\/www.fahrschule-roland.de\/index.php\/wp-json\/wp\/v2\/pages\/11\/revisions"}],"predecessor-version":[{"id":52,"href":"https:\/\/www.fahrschule-roland.de\/index.php\/wp-json\/wp\/v2\/pages\/11\/revisions\/52"}],"wp:attachment":[{"href":"https:\/\/www.fahrschule-roland.de\/index.php\/wp-json\/wp\/v2\/media?parent=11"}],"curies":[{"name":"wp","href":"https:\/\/api.w.org\/{rel}","templated":true}]}}